{"id":1968,"date":"2018-07-23T17:18:10","date_gmt":"2018-07-23T17:18:10","guid":{"rendered":"https:\/\/orfeudigital.com.br\/dir\/?page_id=1968"},"modified":"2018-07-23T17:27:30","modified_gmt":"2018-07-23T17:27:30","slug":"como-surgiu","status":"publish","type":"page","link":"https:\/\/orfeudigital.com.br\/dir\/como-surgiu\/","title":{"rendered":"Como surgiu"},"content":{"rendered":"<p>Com reda\u00e7\u00f5es cada vez mais enxutas e uma imprensa menos disposta a valorizar a boa m\u00fasica, o artista tem de se colocar como seu pr\u00f3prio ve\u00edculo de comunica\u00e7\u00e3o, divulgando o seu trabalho e fornecendo conte\u00fado para f\u00e3s e interessados.<\/p>\n<p>A proposta da <b>ORFEU DIGITAL<\/b> \u00e9 fazer com que o artista divulgue diretamente para seu p\u00fablico suas m\u00fasicas e ideias. Com a <b>ORFEU DIGITAL<\/b>, o <b>artista ser\u00e1 dono da sua narrativa<\/b>.<\/p>\n<p>Apesar do foco ser no universo da m\u00fasica, a <strong>ORFEU DIGITAL<\/strong> consegue aplicar suas estrat\u00e9gias em parceiros que queiram amplificar o seu alcance em qualquer \u00e1rea de atua\u00e7\u00e3o.<\/p>\n","protected":false},"excerpt":{"rendered":"<p>Com reda\u00e7\u00f5es cada vez mais enxutas e uma imprensa menos disposta a valorizar a boa m\u00fasica, o artista tem de se colocar como seu pr\u00f3prio ve\u00edculo de comunica\u00e7\u00e3o, divulgando o seu trabalho e fornecendo conte\u00fado para f\u00e3s e interessados. A proposta da ORFEU DIGITAL \u00e9 fazer com que o artista divulgue diretamente para seu p\u00fablico &hellip; <\/p>\n<p class=\"link-more\"><a href=\"https:\/\/orfeudigital.com.br\/dir\/como-surgiu\/\" class=\"more-link\">Continue lendo<span class=\"screen-reader-text\"> &#8220;Como surgiu&#8221;<\/span><\/a><\/p>\n","protected":false},"author":1,"featured_media":0,"parent":0,"menu_order":0,"comment_status":"closed","ping_status":"closed","template":"","meta":{"footnotes":""},"class_list":["post-1968","page","type-page","status-publish","hentry"],"yoast_head":"<!-- This site is optimized with the Yoast SEO plugin v27.4 - https:\/\/yoast.com\/product\/yoast-seo-wordpress\/ -->\n<title>Como surgiu - Orfeu Digital<\/title>\n<meta name=\"robots\" content=\"index, follow, max-snippet:-1, max-image-preview:large, max-video-preview:-1\" \/>\n<link rel=\"canonical\" href=\"https:\/\/orfeudigital.com.br\/dir\/como-surgiu\/\" \/>\n<meta property=\"og:locale\" content=\"pt_BR\" \/>\n<meta property=\"og:type\" content=\"article\" \/>\n<meta property=\"og:title\" content=\"Como surgiu - Orfeu Digital\" \/>\n<meta property=\"og:description\" content=\"Com reda\u00e7\u00f5es cada vez mais enxutas e uma imprensa menos disposta a valorizar a boa m\u00fasica, o artista tem de se colocar como seu pr\u00f3prio ve\u00edculo de comunica\u00e7\u00e3o, divulgando o seu trabalho e fornecendo conte\u00fado para f\u00e3s e interessados. A proposta da ORFEU DIGITAL \u00e9 fazer com que o artista divulgue diretamente para seu p\u00fablico &hellip; Continue lendo &quot;Como surgiu&quot;\" \/>\n<meta property=\"og:url\" content=\"https:\/\/orfeudigital.com.br\/dir\/como-surgiu\/\" \/>\n<meta property=\"og:site_name\" content=\"Orfeu Digital\" \/>\n<meta property=\"article:publisher\" content=\"https:\/\/www.facebook.com\/orfeudigital\/\" \/>\n<meta property=\"article:modified_time\" content=\"2018-07-23T17:27:30+00:00\" \/>\n<meta name=\"twitter:card\" content=\"summary_large_image\" \/>\n<meta name=\"twitter:label1\" content=\"Est. tempo de leitura\" \/>\n\t<meta name=\"twitter:data1\" content=\"1 minuto\" \/>\n<script type=\"application\/ld+json\" class=\"yoast-schema-graph\">{\"@context\":\"https:\\\/\\\/schema.org\",\"@graph\":[{\"@type\":\"WebPage\",\"@id\":\"https:\\\/\\\/orfeudigital.com.br\\\/dir\\\/como-surgiu\\\/\",\"url\":\"https:\\\/\\\/orfeudigital.com.br\\\/dir\\\/como-surgiu\\\/\",\"name\":\"Como surgiu - Orfeu Digital\",\"isPartOf\":{\"@id\":\"https:\\\/\\\/orfeudigital.com.br\\\/dir\\\/#website\"},\"datePublished\":\"2018-07-23T17:18:10+00:00\",\"dateModified\":\"2018-07-23T17:27:30+00:00\",\"breadcrumb\":{\"@id\":\"https:\\\/\\\/orfeudigital.com.br\\\/dir\\\/como-surgiu\\\/#breadcrumb\"},\"inLanguage\":\"pt-BR\",\"potentialAction\":[{\"@type\":\"ReadAction\",\"target\":[\"https:\\\/\\\/orfeudigital.com.br\\\/dir\\\/como-surgiu\\\/\"]}]},{\"@type\":\"BreadcrumbList\",\"@id\":\"https:\\\/\\\/orfeudigital.com.br\\\/dir\\\/como-surgiu\\\/#breadcrumb\",\"itemListElement\":[{\"@type\":\"ListItem\",\"position\":1,\"name\":\"In\u00edcio\",\"item\":\"https:\\\/\\\/orfeudigital.com.br\\\/dir\\\/\"},{\"@type\":\"ListItem\",\"position\":2,\"name\":\"Como surgiu\"}]},{\"@type\":\"WebSite\",\"@id\":\"https:\\\/\\\/orfeudigital.com.br\\\/dir\\\/#website\",\"url\":\"https:\\\/\\\/orfeudigital.com.br\\\/dir\\\/\",\"name\":\"Orfeu Digital\",\"description\":\"Marketing digital e cria\u00e7\u00e3o e curadoria de conte\u00fado\",\"publisher\":{\"@id\":\"https:\\\/\\\/orfeudigital.com.br\\\/dir\\\/#organization\"},\"potentialAction\":[{\"@type\":\"SearchAction\",\"target\":{\"@type\":\"EntryPoint\",\"urlTemplate\":\"https:\\\/\\\/orfeudigital.com.br\\\/dir\\\/?s={search_term_string}\"},\"query-input\":{\"@type\":\"PropertyValueSpecification\",\"valueRequired\":true,\"valueName\":\"search_term_string\"}}],\"inLanguage\":\"pt-BR\"},{\"@type\":\"Organization\",\"@id\":\"https:\\\/\\\/orfeudigital.com.br\\\/dir\\\/#organization\",\"name\":\"Orfeu Digital\",\"url\":\"https:\\\/\\\/orfeudigital.com.br\\\/dir\\\/\",\"logo\":{\"@type\":\"ImageObject\",\"inLanguage\":\"pt-BR\",\"@id\":\"https:\\\/\\\/orfeudigital.com.br\\\/dir\\\/#\\\/schema\\\/logo\\\/image\\\/\",\"url\":\"https:\\\/\\\/orfeudigital.com.br\\\/dir\\\/wp-content\\\/uploads\\\/2018\\\/07\\\/ORFEU_AVATAR_MR.png\",\"contentUrl\":\"https:\\\/\\\/orfeudigital.com.br\\\/dir\\\/wp-content\\\/uploads\\\/2018\\\/07\\\/ORFEU_AVATAR_MR.png\",\"width\":700,\"height\":700,\"caption\":\"Orfeu Digital\"},\"image\":{\"@id\":\"https:\\\/\\\/orfeudigital.com.br\\\/dir\\\/#\\\/schema\\\/logo\\\/image\\\/\"},\"sameAs\":[\"https:\\\/\\\/www.facebook.com\\\/orfeudigital\\\/\",\"https:\\\/\\\/www.instagram.com\\\/orfeudigital\\\/\"]}]}<\/script>\n<!-- \/ Yoast SEO plugin. -->","yoast_head_json":{"title":"Como surgiu - Orfeu Digital","robots":{"index":"index","follow":"follow","max-snippet":"max-snippet:-1","max-image-preview":"max-image-preview:large","max-video-preview":"max-video-preview:-1"},"canonical":"https:\/\/orfeudigital.com.br\/dir\/como-surgiu\/","og_locale":"pt_BR","og_type":"article","og_title":"Como surgiu - Orfeu Digital","og_description":"Com reda\u00e7\u00f5es cada vez mais enxutas e uma imprensa menos disposta a valorizar a boa m\u00fasica, o artista tem de se colocar como seu pr\u00f3prio ve\u00edculo de comunica\u00e7\u00e3o, divulgando o seu trabalho e fornecendo conte\u00fado para f\u00e3s e interessados. A proposta da ORFEU DIGITAL \u00e9 fazer com que o artista divulgue diretamente para seu p\u00fablico &hellip; Continue lendo \"Como surgiu\"","og_url":"https:\/\/orfeudigital.com.br\/dir\/como-surgiu\/","og_site_name":"Orfeu Digital","article_publisher":"https:\/\/www.facebook.com\/orfeudigital\/","article_modified_time":"2018-07-23T17:27:30+00:00","twitter_card":"summary_large_image","twitter_misc":{"Est. tempo de leitura":"1 minuto"},"schema":{"@context":"https:\/\/schema.org","@graph":[{"@type":"WebPage","@id":"https:\/\/orfeudigital.com.br\/dir\/como-surgiu\/","url":"https:\/\/orfeudigital.com.br\/dir\/como-surgiu\/","name":"Como surgiu - Orfeu Digital","isPartOf":{"@id":"https:\/\/orfeudigital.com.br\/dir\/#website"},"datePublished":"2018-07-23T17:18:10+00:00","dateModified":"2018-07-23T17:27:30+00:00","breadcrumb":{"@id":"https:\/\/orfeudigital.com.br\/dir\/como-surgiu\/#breadcrumb"},"inLanguage":"pt-BR","potentialAction":[{"@type":"ReadAction","target":["https:\/\/orfeudigital.com.br\/dir\/como-surgiu\/"]}]},{"@type":"BreadcrumbList","@id":"https:\/\/orfeudigital.com.br\/dir\/como-surgiu\/#breadcrumb","itemListElement":[{"@type":"ListItem","position":1,"name":"In\u00edcio","item":"https:\/\/orfeudigital.com.br\/dir\/"},{"@type":"ListItem","position":2,"name":"Como surgiu"}]},{"@type":"WebSite","@id":"https:\/\/orfeudigital.com.br\/dir\/#website","url":"https:\/\/orfeudigital.com.br\/dir\/","name":"Orfeu Digital","description":"Marketing digital e cria\u00e7\u00e3o e curadoria de conte\u00fado","publisher":{"@id":"https:\/\/orfeudigital.com.br\/dir\/#organization"},"potentialAction":[{"@type":"SearchAction","target":{"@type":"EntryPoint","urlTemplate":"https:\/\/orfeudigital.com.br\/dir\/?s={search_term_string}"},"query-input":{"@type":"PropertyValueSpecification","valueRequired":true,"valueName":"search_term_string"}}],"inLanguage":"pt-BR"},{"@type":"Organization","@id":"https:\/\/orfeudigital.com.br\/dir\/#organization","name":"Orfeu Digital","url":"https:\/\/orfeudigital.com.br\/dir\/","logo":{"@type":"ImageObject","inLanguage":"pt-BR","@id":"https:\/\/orfeudigital.com.br\/dir\/#\/schema\/logo\/image\/","url":"https:\/\/orfeudigital.com.br\/dir\/wp-content\/uploads\/2018\/07\/ORFEU_AVATAR_MR.png","contentUrl":"https:\/\/orfeudigital.com.br\/dir\/wp-content\/uploads\/2018\/07\/ORFEU_AVATAR_MR.png","width":700,"height":700,"caption":"Orfeu Digital"},"image":{"@id":"https:\/\/orfeudigital.com.br\/dir\/#\/schema\/logo\/image\/"},"sameAs":["https:\/\/www.facebook.com\/orfeudigital\/","https:\/\/www.instagram.com\/orfeudigital\/"]}]}},"_links":{"self":[{"href":"https:\/\/orfeudigital.com.br\/dir\/wp-json\/wp\/v2\/pages\/1968","targetHints":{"allow":["GET"]}}],"collection":[{"href":"https:\/\/orfeudigital.com.br\/dir\/wp-json\/wp\/v2\/pages"}],"about":[{"href":"https:\/\/orfeudigital.com.br\/dir\/wp-json\/wp\/v2\/types\/page"}],"author":[{"embeddable":true,"href":"https:\/\/orfeudigital.com.br\/dir\/wp-json\/wp\/v2\/users\/1"}],"replies":[{"embeddable":true,"href":"https:\/\/orfeudigital.com.br\/dir\/wp-json\/wp\/v2\/comments?post=1968"}],"version-history":[{"count":3,"href":"https:\/\/orfeudigital.com.br\/dir\/wp-json\/wp\/v2\/pages\/1968\/revisions"}],"predecessor-version":[{"id":1974,"href":"https:\/\/orfeudigital.com.br\/dir\/wp-json\/wp\/v2\/pages\/1968\/revisions\/1974"}],"wp:attachment":[{"href":"https:\/\/orfeudigital.com.br\/dir\/wp-json\/wp\/v2\/media?parent=1968"}],"curies":[{"name":"wp","href":"https:\/\/api.w.org\/{rel}","templated":true}]}}