{"id":1975,"date":"2018-07-23T17:28:30","date_gmt":"2018-07-23T17:28:30","guid":{"rendered":"https:\/\/orfeudigital.com.br\/dir\/?page_id=1975"},"modified":"2018-07-23T17:43:48","modified_gmt":"2018-07-23T17:43:48","slug":"idealizador","status":"publish","type":"page","link":"https:\/\/orfeudigital.com.br\/dir\/idealizador\/","title":{"rendered":"Idealizador"},"content":{"rendered":"<p>Jornalista, podcaster, produtor de conte\u00fado e comunicador multim\u00eddia\u00a0<strong>MARCOS LAURO<\/strong>.<\/p>\n<p>O objetivo \u00e9 unir a experi\u00eancia em reda\u00e7\u00e3o (desde 2001 em r\u00e1dios, Ed. Abril, Rolling Stone Brasil, Billboard Brasil) \u00e0 experi\u00eancia no ambiente digital (desde 2007 em administra\u00e7\u00e3o de p\u00e1ginas como Viagem &amp; Turismo, VIP, R\u00e1dio Eldorado e Billboard Brasil, al\u00e9m de produ\u00e7\u00e3o de podcasts).<\/p>\n","protected":false},"excerpt":{"rendered":"<p>Jornalista, podcaster, produtor de conte\u00fado e comunicador multim\u00eddia\u00a0MARCOS LAURO. O objetivo \u00e9 unir a experi\u00eancia em reda\u00e7\u00e3o (desde 2001 em r\u00e1dios, Ed. Abril, Rolling Stone Brasil, Billboard Brasil) \u00e0 experi\u00eancia no ambiente digital (desde 2007 em administra\u00e7\u00e3o de p\u00e1ginas como Viagem &amp; Turismo, VIP, R\u00e1dio Eldorado e Billboard Brasil, al\u00e9m de produ\u00e7\u00e3o de podcasts).<\/p>\n","protected":false},"author":1,"featured_media":0,"parent":0,"menu_order":0,"comment_status":"closed","ping_status":"closed","template":"","meta":{"footnotes":""},"class_list":["post-1975","page","type-page","status-publish","hentry"],"yoast_head":"<!-- This site is optimized with the Yoast SEO plugin v27.4 - https:\/\/yoast.com\/product\/yoast-seo-wordpress\/ -->\n<title>Idealizador - Orfeu Digital<\/title>\n<meta name=\"robots\" content=\"index, follow, max-snippet:-1, max-image-preview:large, max-video-preview:-1\" \/>\n<link rel=\"canonical\" href=\"https:\/\/orfeudigital.com.br\/dir\/idealizador\/\" \/>\n<meta property=\"og:locale\" content=\"pt_BR\" \/>\n<meta property=\"og:type\" content=\"article\" \/>\n<meta property=\"og:title\" content=\"Idealizador - Orfeu Digital\" \/>\n<meta property=\"og:description\" content=\"Jornalista, podcaster, produtor de conte\u00fado e comunicador multim\u00eddia\u00a0MARCOS LAURO. O objetivo \u00e9 unir a experi\u00eancia em reda\u00e7\u00e3o (desde 2001 em r\u00e1dios, Ed. Abril, Rolling Stone Brasil, Billboard Brasil) \u00e0 experi\u00eancia no ambiente digital (desde 2007 em administra\u00e7\u00e3o de p\u00e1ginas como Viagem &amp; Turismo, VIP, R\u00e1dio Eldorado e Billboard Brasil, al\u00e9m de produ\u00e7\u00e3o de podcasts).\" \/>\n<meta property=\"og:url\" content=\"https:\/\/orfeudigital.com.br\/dir\/idealizador\/\" \/>\n<meta property=\"og:site_name\" content=\"Orfeu Digital\" \/>\n<meta property=\"article:publisher\" content=\"https:\/\/www.facebook.com\/orfeudigital\/\" \/>\n<meta property=\"article:modified_time\" content=\"2018-07-23T17:43:48+00:00\" \/>\n<meta name=\"twitter:card\" content=\"summary_large_image\" \/>\n<script type=\"application\/ld+json\" class=\"yoast-schema-graph\">{\"@context\":\"https:\\\/\\\/schema.org\",\"@graph\":[{\"@type\":\"WebPage\",\"@id\":\"https:\\\/\\\/orfeudigital.com.br\\\/dir\\\/idealizador\\\/\",\"url\":\"https:\\\/\\\/orfeudigital.com.br\\\/dir\\\/idealizador\\\/\",\"name\":\"Idealizador - Orfeu Digital\",\"isPartOf\":{\"@id\":\"https:\\\/\\\/orfeudigital.com.br\\\/dir\\\/#website\"},\"datePublished\":\"2018-07-23T17:28:30+00:00\",\"dateModified\":\"2018-07-23T17:43:48+00:00\",\"breadcrumb\":{\"@id\":\"https:\\\/\\\/orfeudigital.com.br\\\/dir\\\/idealizador\\\/#breadcrumb\"},\"inLanguage\":\"pt-BR\",\"potentialAction\":[{\"@type\":\"ReadAction\",\"target\":[\"https:\\\/\\\/orfeudigital.com.br\\\/dir\\\/idealizador\\\/\"]}]},{\"@type\":\"BreadcrumbList\",\"@id\":\"https:\\\/\\\/orfeudigital.com.br\\\/dir\\\/idealizador\\\/#breadcrumb\",\"itemListElement\":[{\"@type\":\"ListItem\",\"position\":1,\"name\":\"In\u00edcio\",\"item\":\"https:\\\/\\\/orfeudigital.com.br\\\/dir\\\/\"},{\"@type\":\"ListItem\",\"position\":2,\"name\":\"Idealizador\"}]},{\"@type\":\"WebSite\",\"@id\":\"https:\\\/\\\/orfeudigital.com.br\\\/dir\\\/#website\",\"url\":\"https:\\\/\\\/orfeudigital.com.br\\\/dir\\\/\",\"name\":\"Orfeu Digital\",\"description\":\"Marketing digital e cria\u00e7\u00e3o e curadoria de conte\u00fado\",\"publisher\":{\"@id\":\"https:\\\/\\\/orfeudigital.com.br\\\/dir\\\/#organization\"},\"potentialAction\":[{\"@type\":\"SearchAction\",\"target\":{\"@type\":\"EntryPoint\",\"urlTemplate\":\"https:\\\/\\\/orfeudigital.com.br\\\/dir\\\/?s={search_term_string}\"},\"query-input\":{\"@type\":\"PropertyValueSpecification\",\"valueRequired\":true,\"valueName\":\"search_term_string\"}}],\"inLanguage\":\"pt-BR\"},{\"@type\":\"Organization\",\"@id\":\"https:\\\/\\\/orfeudigital.com.br\\\/dir\\\/#organization\",\"name\":\"Orfeu Digital\",\"url\":\"https:\\\/\\\/orfeudigital.com.br\\\/dir\\\/\",\"logo\":{\"@type\":\"ImageObject\",\"inLanguage\":\"pt-BR\",\"@id\":\"https:\\\/\\\/orfeudigital.com.br\\\/dir\\\/#\\\/schema\\\/logo\\\/image\\\/\",\"url\":\"https:\\\/\\\/orfeudigital.com.br\\\/dir\\\/wp-content\\\/uploads\\\/2018\\\/07\\\/ORFEU_AVATAR_MR.png\",\"contentUrl\":\"https:\\\/\\\/orfeudigital.com.br\\\/dir\\\/wp-content\\\/uploads\\\/2018\\\/07\\\/ORFEU_AVATAR_MR.png\",\"width\":700,\"height\":700,\"caption\":\"Orfeu Digital\"},\"image\":{\"@id\":\"https:\\\/\\\/orfeudigital.com.br\\\/dir\\\/#\\\/schema\\\/logo\\\/image\\\/\"},\"sameAs\":[\"https:\\\/\\\/www.facebook.com\\\/orfeudigital\\\/\",\"https:\\\/\\\/www.instagram.com\\\/orfeudigital\\\/\"]}]}<\/script>\n<!-- \/ Yoast SEO plugin. -->","yoast_head_json":{"title":"Idealizador - Orfeu Digital","robots":{"index":"index","follow":"follow","max-snippet":"max-snippet:-1","max-image-preview":"max-image-preview:large","max-video-preview":"max-video-preview:-1"},"canonical":"https:\/\/orfeudigital.com.br\/dir\/idealizador\/","og_locale":"pt_BR","og_type":"article","og_title":"Idealizador - Orfeu Digital","og_description":"Jornalista, podcaster, produtor de conte\u00fado e comunicador multim\u00eddia\u00a0MARCOS LAURO. O objetivo \u00e9 unir a experi\u00eancia em reda\u00e7\u00e3o (desde 2001 em r\u00e1dios, Ed. Abril, Rolling Stone Brasil, Billboard Brasil) \u00e0 experi\u00eancia no ambiente digital (desde 2007 em administra\u00e7\u00e3o de p\u00e1ginas como Viagem &amp; Turismo, VIP, R\u00e1dio Eldorado e Billboard Brasil, al\u00e9m de produ\u00e7\u00e3o de podcasts).","og_url":"https:\/\/orfeudigital.com.br\/dir\/idealizador\/","og_site_name":"Orfeu Digital","article_publisher":"https:\/\/www.facebook.com\/orfeudigital\/","article_modified_time":"2018-07-23T17:43:48+00:00","twitter_card":"summary_large_image","schema":{"@context":"https:\/\/schema.org","@graph":[{"@type":"WebPage","@id":"https:\/\/orfeudigital.com.br\/dir\/idealizador\/","url":"https:\/\/orfeudigital.com.br\/dir\/idealizador\/","name":"Idealizador - Orfeu Digital","isPartOf":{"@id":"https:\/\/orfeudigital.com.br\/dir\/#website"},"datePublished":"2018-07-23T17:28:30+00:00","dateModified":"2018-07-23T17:43:48+00:00","breadcrumb":{"@id":"https:\/\/orfeudigital.com.br\/dir\/idealizador\/#breadcrumb"},"inLanguage":"pt-BR","potentialAction":[{"@type":"ReadAction","target":["https:\/\/orfeudigital.com.br\/dir\/idealizador\/"]}]},{"@type":"BreadcrumbList","@id":"https:\/\/orfeudigital.com.br\/dir\/idealizador\/#breadcrumb","itemListElement":[{"@type":"ListItem","position":1,"name":"In\u00edcio","item":"https:\/\/orfeudigital.com.br\/dir\/"},{"@type":"ListItem","position":2,"name":"Idealizador"}]},{"@type":"WebSite","@id":"https:\/\/orfeudigital.com.br\/dir\/#website","url":"https:\/\/orfeudigital.com.br\/dir\/","name":"Orfeu Digital","description":"Marketing digital e cria\u00e7\u00e3o e curadoria de conte\u00fado","publisher":{"@id":"https:\/\/orfeudigital.com.br\/dir\/#organization"},"potentialAction":[{"@type":"SearchAction","target":{"@type":"EntryPoint","urlTemplate":"https:\/\/orfeudigital.com.br\/dir\/?s={search_term_string}"},"query-input":{"@type":"PropertyValueSpecification","valueRequired":true,"valueName":"search_term_string"}}],"inLanguage":"pt-BR"},{"@type":"Organization","@id":"https:\/\/orfeudigital.com.br\/dir\/#organization","name":"Orfeu Digital","url":"https:\/\/orfeudigital.com.br\/dir\/","logo":{"@type":"ImageObject","inLanguage":"pt-BR","@id":"https:\/\/orfeudigital.com.br\/dir\/#\/schema\/logo\/image\/","url":"https:\/\/orfeudigital.com.br\/dir\/wp-content\/uploads\/2018\/07\/ORFEU_AVATAR_MR.png","contentUrl":"https:\/\/orfeudigital.com.br\/dir\/wp-content\/uploads\/2018\/07\/ORFEU_AVATAR_MR.png","width":700,"height":700,"caption":"Orfeu Digital"},"image":{"@id":"https:\/\/orfeudigital.com.br\/dir\/#\/schema\/logo\/image\/"},"sameAs":["https:\/\/www.facebook.com\/orfeudigital\/","https:\/\/www.instagram.com\/orfeudigital\/"]}]}},"_links":{"self":[{"href":"https:\/\/orfeudigital.com.br\/dir\/wp-json\/wp\/v2\/pages\/1975","targetHints":{"allow":["GET"]}}],"collection":[{"href":"https:\/\/orfeudigital.com.br\/dir\/wp-json\/wp\/v2\/pages"}],"about":[{"href":"https:\/\/orfeudigital.com.br\/dir\/wp-json\/wp\/v2\/types\/page"}],"author":[{"embeddable":true,"href":"https:\/\/orfeudigital.com.br\/dir\/wp-json\/wp\/v2\/users\/1"}],"replies":[{"embeddable":true,"href":"https:\/\/orfeudigital.com.br\/dir\/wp-json\/wp\/v2\/comments?post=1975"}],"version-history":[{"count":2,"href":"https:\/\/orfeudigital.com.br\/dir\/wp-json\/wp\/v2\/pages\/1975\/revisions"}],"predecessor-version":[{"id":2020,"href":"https:\/\/orfeudigital.com.br\/dir\/wp-json\/wp\/v2\/pages\/1975\/revisions\/2020"}],"wp:attachment":[{"href":"https:\/\/orfeudigital.com.br\/dir\/wp-json\/wp\/v2\/media?parent=1975"}],"curies":[{"name":"wp","href":"https:\/\/api.w.org\/{rel}","templated":true}]}}