{"id":2030,"date":"2018-07-30T02:29:43","date_gmt":"2018-07-30T02:29:43","guid":{"rendered":"https:\/\/orfeudigital.com.br\/dir\/?page_id=2030"},"modified":"2018-07-30T02:29:43","modified_gmt":"2018-07-30T02:29:43","slug":"contato","status":"publish","type":"page","link":"https:\/\/orfeudigital.com.br\/dir\/contato\/","title":{"rendered":"Contato"},"content":{"rendered":"<p>E-mail <a href=\"mailto:contato@orfeudigital.com.br\" target=\"_blank\" rel=\"noopener\">contato@orfeudigital.com.br<\/a> ou via mensagem nos perfis do Instagram e Facebook.<\/p>\n","protected":false},"excerpt":{"rendered":"<p>E-mail contato@orfeudigital.com.br ou via mensagem nos perfis do Instagram e Facebook.<\/p>\n","protected":false},"author":1,"featured_media":0,"parent":0,"menu_order":0,"comment_status":"closed","ping_status":"closed","template":"","meta":{"footnotes":""},"class_list":["post-2030","page","type-page","status-publish","hentry"],"yoast_head":"<!-- This site is optimized with the Yoast SEO plugin v27.4 - https:\/\/yoast.com\/product\/yoast-seo-wordpress\/ -->\n<title>Contato - Orfeu Digital<\/title>\n<meta name=\"robots\" content=\"index, follow, max-snippet:-1, max-image-preview:large, max-video-preview:-1\" \/>\n<link rel=\"canonical\" href=\"https:\/\/orfeudigital.com.br\/dir\/contato\/\" \/>\n<meta property=\"og:locale\" content=\"pt_BR\" \/>\n<meta property=\"og:type\" content=\"article\" \/>\n<meta property=\"og:title\" content=\"Contato - Orfeu Digital\" \/>\n<meta property=\"og:description\" content=\"E-mail contato@orfeudigital.com.br ou via mensagem nos perfis do Instagram e Facebook.\" \/>\n<meta property=\"og:url\" content=\"https:\/\/orfeudigital.com.br\/dir\/contato\/\" \/>\n<meta property=\"og:site_name\" content=\"Orfeu Digital\" \/>\n<meta property=\"article:publisher\" content=\"https:\/\/www.facebook.com\/orfeudigital\/\" \/>\n<meta name=\"twitter:card\" content=\"summary_large_image\" \/>\n<script type=\"application\/ld+json\" class=\"yoast-schema-graph\">{\"@context\":\"https:\\\/\\\/schema.org\",\"@graph\":[{\"@type\":\"WebPage\",\"@id\":\"https:\\\/\\\/orfeudigital.com.br\\\/dir\\\/contato\\\/\",\"url\":\"https:\\\/\\\/orfeudigital.com.br\\\/dir\\\/contato\\\/\",\"name\":\"Contato - Orfeu Digital\",\"isPartOf\":{\"@id\":\"https:\\\/\\\/orfeudigital.com.br\\\/dir\\\/#website\"},\"datePublished\":\"2018-07-30T02:29:43+00:00\",\"breadcrumb\":{\"@id\":\"https:\\\/\\\/orfeudigital.com.br\\\/dir\\\/contato\\\/#breadcrumb\"},\"inLanguage\":\"pt-BR\",\"potentialAction\":[{\"@type\":\"ReadAction\",\"target\":[\"https:\\\/\\\/orfeudigital.com.br\\\/dir\\\/contato\\\/\"]}]},{\"@type\":\"BreadcrumbList\",\"@id\":\"https:\\\/\\\/orfeudigital.com.br\\\/dir\\\/contato\\\/#breadcrumb\",\"itemListElement\":[{\"@type\":\"ListItem\",\"position\":1,\"name\":\"In\u00edcio\",\"item\":\"https:\\\/\\\/orfeudigital.com.br\\\/dir\\\/\"},{\"@type\":\"ListItem\",\"position\":2,\"name\":\"Contato\"}]},{\"@type\":\"WebSite\",\"@id\":\"https:\\\/\\\/orfeudigital.com.br\\\/dir\\\/#website\",\"url\":\"https:\\\/\\\/orfeudigital.com.br\\\/dir\\\/\",\"name\":\"Orfeu Digital\",\"description\":\"Marketing digital e cria\u00e7\u00e3o e curadoria de conte\u00fado\",\"publisher\":{\"@id\":\"https:\\\/\\\/orfeudigital.com.br\\\/dir\\\/#organization\"},\"potentialAction\":[{\"@type\":\"SearchAction\",\"target\":{\"@type\":\"EntryPoint\",\"urlTemplate\":\"https:\\\/\\\/orfeudigital.com.br\\\/dir\\\/?s={search_term_string}\"},\"query-input\":{\"@type\":\"PropertyValueSpecification\",\"valueRequired\":true,\"valueName\":\"search_term_string\"}}],\"inLanguage\":\"pt-BR\"},{\"@type\":\"Organization\",\"@id\":\"https:\\\/\\\/orfeudigital.com.br\\\/dir\\\/#organization\",\"name\":\"Orfeu Digital\",\"url\":\"https:\\\/\\\/orfeudigital.com.br\\\/dir\\\/\",\"logo\":{\"@type\":\"ImageObject\",\"inLanguage\":\"pt-BR\",\"@id\":\"https:\\\/\\\/orfeudigital.com.br\\\/dir\\\/#\\\/schema\\\/logo\\\/image\\\/\",\"url\":\"https:\\\/\\\/orfeudigital.com.br\\\/dir\\\/wp-content\\\/uploads\\\/2018\\\/07\\\/ORFEU_AVATAR_MR.png\",\"contentUrl\":\"https:\\\/\\\/orfeudigital.com.br\\\/dir\\\/wp-content\\\/uploads\\\/2018\\\/07\\\/ORFEU_AVATAR_MR.png\",\"width\":700,\"height\":700,\"caption\":\"Orfeu Digital\"},\"image\":{\"@id\":\"https:\\\/\\\/orfeudigital.com.br\\\/dir\\\/#\\\/schema\\\/logo\\\/image\\\/\"},\"sameAs\":[\"https:\\\/\\\/www.facebook.com\\\/orfeudigital\\\/\",\"https:\\\/\\\/www.instagram.com\\\/orfeudigital\\\/\"]}]}<\/script>\n<!-- \/ Yoast SEO plugin. -->","yoast_head_json":{"title":"Contato - Orfeu Digital","robots":{"index":"index","follow":"follow","max-snippet":"max-snippet:-1","max-image-preview":"max-image-preview:large","max-video-preview":"max-video-preview:-1"},"canonical":"https:\/\/orfeudigital.com.br\/dir\/contato\/","og_locale":"pt_BR","og_type":"article","og_title":"Contato - Orfeu Digital","og_description":"E-mail contato@orfeudigital.com.br ou via mensagem nos perfis do Instagram e Facebook.","og_url":"https:\/\/orfeudigital.com.br\/dir\/contato\/","og_site_name":"Orfeu Digital","article_publisher":"https:\/\/www.facebook.com\/orfeudigital\/","twitter_card":"summary_large_image","schema":{"@context":"https:\/\/schema.org","@graph":[{"@type":"WebPage","@id":"https:\/\/orfeudigital.com.br\/dir\/contato\/","url":"https:\/\/orfeudigital.com.br\/dir\/contato\/","name":"Contato - Orfeu Digital","isPartOf":{"@id":"https:\/\/orfeudigital.com.br\/dir\/#website"},"datePublished":"2018-07-30T02:29:43+00:00","breadcrumb":{"@id":"https:\/\/orfeudigital.com.br\/dir\/contato\/#breadcrumb"},"inLanguage":"pt-BR","potentialAction":[{"@type":"ReadAction","target":["https:\/\/orfeudigital.com.br\/dir\/contato\/"]}]},{"@type":"BreadcrumbList","@id":"https:\/\/orfeudigital.com.br\/dir\/contato\/#breadcrumb","itemListElement":[{"@type":"ListItem","position":1,"name":"In\u00edcio","item":"https:\/\/orfeudigital.com.br\/dir\/"},{"@type":"ListItem","position":2,"name":"Contato"}]},{"@type":"WebSite","@id":"https:\/\/orfeudigital.com.br\/dir\/#website","url":"https:\/\/orfeudigital.com.br\/dir\/","name":"Orfeu Digital","description":"Marketing digital e cria\u00e7\u00e3o e curadoria de conte\u00fado","publisher":{"@id":"https:\/\/orfeudigital.com.br\/dir\/#organization"},"potentialAction":[{"@type":"SearchAction","target":{"@type":"EntryPoint","urlTemplate":"https:\/\/orfeudigital.com.br\/dir\/?s={search_term_string}"},"query-input":{"@type":"PropertyValueSpecification","valueRequired":true,"valueName":"search_term_string"}}],"inLanguage":"pt-BR"},{"@type":"Organization","@id":"https:\/\/orfeudigital.com.br\/dir\/#organization","name":"Orfeu Digital","url":"https:\/\/orfeudigital.com.br\/dir\/","logo":{"@type":"ImageObject","inLanguage":"pt-BR","@id":"https:\/\/orfeudigital.com.br\/dir\/#\/schema\/logo\/image\/","url":"https:\/\/orfeudigital.com.br\/dir\/wp-content\/uploads\/2018\/07\/ORFEU_AVATAR_MR.png","contentUrl":"https:\/\/orfeudigital.com.br\/dir\/wp-content\/uploads\/2018\/07\/ORFEU_AVATAR_MR.png","width":700,"height":700,"caption":"Orfeu Digital"},"image":{"@id":"https:\/\/orfeudigital.com.br\/dir\/#\/schema\/logo\/image\/"},"sameAs":["https:\/\/www.facebook.com\/orfeudigital\/","https:\/\/www.instagram.com\/orfeudigital\/"]}]}},"_links":{"self":[{"href":"https:\/\/orfeudigital.com.br\/dir\/wp-json\/wp\/v2\/pages\/2030","targetHints":{"allow":["GET"]}}],"collection":[{"href":"https:\/\/orfeudigital.com.br\/dir\/wp-json\/wp\/v2\/pages"}],"about":[{"href":"https:\/\/orfeudigital.com.br\/dir\/wp-json\/wp\/v2\/types\/page"}],"author":[{"embeddable":true,"href":"https:\/\/orfeudigital.com.br\/dir\/wp-json\/wp\/v2\/users\/1"}],"replies":[{"embeddable":true,"href":"https:\/\/orfeudigital.com.br\/dir\/wp-json\/wp\/v2\/comments?post=2030"}],"version-history":[{"count":1,"href":"https:\/\/orfeudigital.com.br\/dir\/wp-json\/wp\/v2\/pages\/2030\/revisions"}],"predecessor-version":[{"id":2031,"href":"https:\/\/orfeudigital.com.br\/dir\/wp-json\/wp\/v2\/pages\/2030\/revisions\/2031"}],"wp:attachment":[{"href":"https:\/\/orfeudigital.com.br\/dir\/wp-json\/wp\/v2\/media?parent=2030"}],"curies":[{"name":"wp","href":"https:\/\/api.w.org\/{rel}","templated":true}]}}